{"id":99,"date":"2022-01-13T16:12:46","date_gmt":"2022-01-13T16:12:46","guid":{"rendered":"http:\/\/hansd87.sg-host.com\/?page_id=99"},"modified":"2024-11-19T10:54:53","modified_gmt":"2024-11-19T09:54:53","slug":"home","status":"publish","type":"page","link":"https:\/\/new.tomoor.be\/de\/","title":{"rendered":"Startseite"},"content":{"rendered":"<p><img decoding=\"async\" src=\"https:\/\/new.tomoor.be\/wp-content\/uploads\/elementor\/thumbs\/icon-sugar-bl-200-qcyzw7kfzb39nebr4aqtnwnw3x1pl28ovyg6zjy2gw.png\" title=\"Icon ohne Zuckerzusatz - Tomoor\" alt=\"Icon ohne Zuckerzusatz - Tomoor\" loading=\"lazy\" \/>\t\t\t\t\t\t\t\t\t\t\t\t\t<\/p>\n<p>OHNE ZUCKERZUSATZ<\/p>\n<p>\u00a0<br \/>\n\t\t\t\t\t\t\t\t\t\t\t\t\t<img decoding=\"async\" src=\"https:\/\/new.tomoor.be\/wp-content\/uploads\/elementor\/thumbs\/icon-fibers-bl-200-qcyzwg0zoteujvzgqwegscj1gdw0ic69x4bkb1liww.png\" title=\"Ikone reich an F\u00fcnfern - Tomoor\" alt=\"Ikone reich an F\u00fcnfern - Tomoor\" loading=\"lazy\" \/>\t\t\t\t\t\t\t\t\t\t\t\t\t<\/p>\n<p>FIBERREICH<\/p>\n<p>\u00a0<br \/>\n\t\t\t\t\t\t\t\t\t\t\t\t\t<img decoding=\"async\" src=\"https:\/\/new.tomoor.be\/wp-content\/uploads\/elementor\/thumbs\/icon-vegan-bl-200-qcyzvnttzsc8vl4fbk7npjn7mtr03f2bt8qzwqrc3k.png\" title=\"Ikone Veganer - Tomoor\" alt=\"Ikone Veganer - Tomoor\" loading=\"lazy\" \/>\t\t\t\t\t\t\t\t\t\t\t\t\t<\/p>\n<p>VEGAN<\/p>\n<p>&nbsp;<br \/>\n\t\t\t\t\t\t\t\t\t\t\t\t\t<img decoding=\"async\" src=\"https:\/\/new.tomoor.be\/wp-content\/uploads\/elementor\/thumbs\/icon-superfruit-bl-200-qcyzvz3w9sroqwo1hp36jgsqrg7ensb3uskto2am0w.png\" title=\"Ikone Superfrucht - Tomoor\" alt=\"Ikone Superfrucht - Tomoor\" loading=\"lazy\" \/>\t\t\t\t\t\t\t\t\t\t\t\t\t<\/p>\n<p>SUPERFRUIT<\/p>\n<p>\u00a0<br \/>\n\t\t\t\t\t\t\t\t\t\t\t\t\t<img decoding=\"async\" src=\"https:\/\/new.tomoor.be\/wp-content\/uploads\/elementor\/thumbs\/icon-sugar-bl-200-qcyzw7kfzb39nebr4aqtnwnw3x1pl28ovyg6zjy2gw.png\" title=\"Icon ohne Zuckerzusatz - Tomoor\" alt=\"Icon ohne Zuckerzusatz - Tomoor\" loading=\"lazy\" \/>\t\t\t\t\t\t\t\t\t\t\t\t\t<\/p>\n<p>OHNE ZUCKERZUSATZ<\/p>\n<p>\u00a0<br \/>\n\t\t\t\t\t\t\t\t\t\t\t\t\t<img decoding=\"async\" src=\"https:\/\/new.tomoor.be\/wp-content\/uploads\/elementor\/thumbs\/icon-fibers-bl-200-qcyzwg0zoteujvzgqwegscj1gdw0ic69x4bkb1liww.png\" title=\"Ikone reich an F\u00fcnfern - Tomoor\" alt=\"Ikone reich an F\u00fcnfern - Tomoor\" loading=\"lazy\" \/>\t\t\t\t\t\t\t\t\t\t\t\t\t<\/p>\n<p>FIBERREICH<\/p>\n<p>\u00a0<br \/>\n\t\t\t\t\t\t\t\t\t\t\t\t\t<img decoding=\"async\" src=\"https:\/\/new.tomoor.be\/wp-content\/uploads\/elementor\/thumbs\/icon-vegan-bl-200-qcyzvnttzsc8vl4fbk7npjn7mtr03f2bt8qzwqrc3k.png\" title=\"Ikone Veganer - Tomoor\" alt=\"Ikone Veganer - Tomoor\" loading=\"lazy\" \/>\t\t\t\t\t\t\t\t\t\t\t\t\t<\/p>\n<p>VEGAN<\/p>\n<p>&nbsp;<br \/>\n\t\t\t\t\t\t\t\t\t\t\t\t\t<img decoding=\"async\" src=\"https:\/\/new.tomoor.be\/wp-content\/uploads\/elementor\/thumbs\/icon-superfruit-bl-200-qcyzvz3w9sroqwo1hp36jgsqrg7ensb3uskto2am0w.png\" title=\"Ikone Superfrucht - Tomoor\" alt=\"Ikone Superfrucht - Tomoor\" loading=\"lazy\" \/>\t\t\t\t\t\t\t\t\t\t\t\t\t<\/p>\n<p>SUPERFRUIT<\/p>\n<p>\u00a0\t\t<\/p>\n<h2>Unsere Produkte<\/h2>\n<p>\t\t\t\t\t\t\t\t\t\t\t\t\t<img loading=\"lazy\" decoding=\"async\" width=\"423\" height=\"300\" src=\"https:\/\/new.tomoor.be\/wp-content\/uploads\/2022\/02\/dadels.png\" alt=\"\" srcset=\"https:\/\/new.tomoor.be\/wp-content\/uploads\/2022\/02\/dadels.png 423w, https:\/\/new.tomoor.be\/wp-content\/uploads\/2022\/02\/dadels-300x213.png 300w\" sizes=\"auto, (max-width: 423px) 100vw, 423px\" \/>\t\t\t\t\t\t\t\t\t\t\t\t\t<\/p>\n<h3>Daten<\/h3>\n<p>Entdecken Sie unser Angebot an sorgf\u00e4ltig ausgew\u00e4hlten Qualit\u00e4tsdaten<\/p>\n<h3><a href=\"\/de\/produkt-kategorie\/premium-dadels\/\">Entdecken Sie unser Angebot<\/a><\/h3>\n<p>\t\t\t\t\t\t\t\t\t\t\t\t\t<img loading=\"lazy\" decoding=\"async\" width=\"772\" height=\"772\" src=\"https:\/\/new.tomoor.be\/wp-content\/uploads\/2024\/11\/dadels-met-chocolade.png\" alt=\"Datteln mit Schokolade - Tomoor.be\" srcset=\"https:\/\/new.tomoor.be\/wp-content\/uploads\/2024\/11\/dadels-met-chocolade.png 772w, https:\/\/new.tomoor.be\/wp-content\/uploads\/2024\/11\/dadels-met-chocolade-300x300.png 300w, https:\/\/new.tomoor.be\/wp-content\/uploads\/2024\/11\/dadels-met-chocolade-150x150.png 150w, https:\/\/new.tomoor.be\/wp-content\/uploads\/2024\/11\/dadels-met-chocolade-768x768.png 768w, https:\/\/new.tomoor.be\/wp-content\/uploads\/2024\/11\/dadels-met-chocolade-530x530.png 530w, https:\/\/new.tomoor.be\/wp-content\/uploads\/2024\/11\/dadels-met-chocolade-750x750.png 750w, https:\/\/new.tomoor.be\/wp-content\/uploads\/2024\/11\/dadels-met-chocolade-500x500.png 500w, https:\/\/new.tomoor.be\/wp-content\/uploads\/2024\/11\/dadels-met-chocolade-600x600.png 600w, https:\/\/new.tomoor.be\/wp-content\/uploads\/2024\/11\/dadels-met-chocolade-100x100.png 100w\" sizes=\"auto, (max-width: 772px) 100vw, 772px\" \/>\t\t\t\t\t\t\t\t\t\t\t\t\t<\/p>\n<h3>Datteln mit Schokolade<\/h3>\n<p>Entdecken Sie unser Angebot an Datteln mit belgischer Schokolade<\/p>\n<h3><a href=\"\/de\/produkt-kategorie\/chocolade-dadels\/\">Entdecken Sie unser Angebot<\/a><\/h3>\n<p>\t\t\t\t\t\t\t\t\t\t\t\t\t<img loading=\"lazy\" decoding=\"async\" width=\"659\" height=\"659\" src=\"https:\/\/new.tomoor.be\/wp-content\/uploads\/2024\/11\/dadelstroop.png\" alt=\"Datum Sirup - Tomoor.be\" srcset=\"https:\/\/new.tomoor.be\/wp-content\/uploads\/2024\/11\/dadelstroop.png 659w, https:\/\/new.tomoor.be\/wp-content\/uploads\/2024\/11\/dadelstroop-300x300.png 300w, https:\/\/new.tomoor.be\/wp-content\/uploads\/2024\/11\/dadelstroop-150x150.png 150w, https:\/\/new.tomoor.be\/wp-content\/uploads\/2024\/11\/dadelstroop-530x530.png 530w, https:\/\/new.tomoor.be\/wp-content\/uploads\/2024\/11\/dadelstroop-500x500.png 500w, https:\/\/new.tomoor.be\/wp-content\/uploads\/2024\/11\/dadelstroop-600x600.png 600w, https:\/\/new.tomoor.be\/wp-content\/uploads\/2024\/11\/dadelstroop-100x100.png 100w\" sizes=\"auto, (max-width: 659px) 100vw, 659px\" \/>\t\t\t\t\t\t\t\t\t\t\t\t\t<\/p>\n<h3>Datum Produkte<\/h3>\n<p>Entdecken Sie unsere gro\u00dfe Auswahl an Dattelprodukten<\/p>\n<h3><a href=\"\/de\/produkt-kategorie\/dadel-producten\/\">Entdecken Sie unser Angebot<\/a><\/h3>\n<h3>Kategorien<\/h3>\n<h2>Unsere hochwertigen Dattelprodukte<\/h2>\n<p>\t\t\t\t\t\t\t\t\t\t\t\t\t<img loading=\"lazy\" decoding=\"async\" width=\"423\" height=\"300\" src=\"https:\/\/new.tomoor.be\/wp-content\/uploads\/2022\/02\/dadels.png\" alt=\"\" srcset=\"https:\/\/new.tomoor.be\/wp-content\/uploads\/2022\/02\/dadels.png 423w, https:\/\/new.tomoor.be\/wp-content\/uploads\/2022\/02\/dadels-300x213.png 300w\" sizes=\"auto, (max-width: 423px) 100vw, 423px\" \/>\t\t\t\t\t\t\t\t\t\t\t\t\t<\/p>\n<h3>Daten<\/h3>\n<p>Entdecken Sie unser Angebot an sorgf\u00e4ltig ausgew\u00e4hlten Qualit\u00e4tsdaten<\/p>\n<h3><a href=\"\/de\/produkt-kategorie\/premium-dadels\/\">Entdecken Sie unser Angebot<\/a><\/h3>\n<p>\t\t\t\t\t\t\t\t\t\t\t\t\t<img loading=\"lazy\" decoding=\"async\" width=\"772\" height=\"772\" src=\"https:\/\/new.tomoor.be\/wp-content\/uploads\/2024\/11\/dadels-met-chocolade.png\" alt=\"Datteln mit Schokolade - Tomoor.be\" srcset=\"https:\/\/new.tomoor.be\/wp-content\/uploads\/2024\/11\/dadels-met-chocolade.png 772w, https:\/\/new.tomoor.be\/wp-content\/uploads\/2024\/11\/dadels-met-chocolade-300x300.png 300w, https:\/\/new.tomoor.be\/wp-content\/uploads\/2024\/11\/dadels-met-chocolade-150x150.png 150w, https:\/\/new.tomoor.be\/wp-content\/uploads\/2024\/11\/dadels-met-chocolade-768x768.png 768w, https:\/\/new.tomoor.be\/wp-content\/uploads\/2024\/11\/dadels-met-chocolade-530x530.png 530w, https:\/\/new.tomoor.be\/wp-content\/uploads\/2024\/11\/dadels-met-chocolade-750x750.png 750w, https:\/\/new.tomoor.be\/wp-content\/uploads\/2024\/11\/dadels-met-chocolade-500x500.png 500w, https:\/\/new.tomoor.be\/wp-content\/uploads\/2024\/11\/dadels-met-chocolade-600x600.png 600w, https:\/\/new.tomoor.be\/wp-content\/uploads\/2024\/11\/dadels-met-chocolade-100x100.png 100w\" sizes=\"auto, (max-width: 772px) 100vw, 772px\" \/>\t\t\t\t\t\t\t\t\t\t\t\t\t<\/p>\n<h3>Datteln mit Schokolade<\/h3>\n<p>Entdecken Sie unser Angebot an Datteln mit belgischer Schokolade<\/p>\n<h3><a href=\"\/de\/produkt-kategorie\/chocolade-dadels\/\">Entdecken Sie unser Angebot<\/a><\/h3>\n<p>\t\t\t\t\t\t\t\t\t\t\t\t\t<img loading=\"lazy\" decoding=\"async\" width=\"659\" height=\"659\" src=\"https:\/\/new.tomoor.be\/wp-content\/uploads\/2024\/11\/dadelstroop.png\" alt=\"Datum Sirup - Tomoor.be\" srcset=\"https:\/\/new.tomoor.be\/wp-content\/uploads\/2024\/11\/dadelstroop.png 659w, https:\/\/new.tomoor.be\/wp-content\/uploads\/2024\/11\/dadelstroop-300x300.png 300w, https:\/\/new.tomoor.be\/wp-content\/uploads\/2024\/11\/dadelstroop-150x150.png 150w, https:\/\/new.tomoor.be\/wp-content\/uploads\/2024\/11\/dadelstroop-530x530.png 530w, https:\/\/new.tomoor.be\/wp-content\/uploads\/2024\/11\/dadelstroop-500x500.png 500w, https:\/\/new.tomoor.be\/wp-content\/uploads\/2024\/11\/dadelstroop-600x600.png 600w, https:\/\/new.tomoor.be\/wp-content\/uploads\/2024\/11\/dadelstroop-100x100.png 100w\" sizes=\"auto, (max-width: 659px) 100vw, 659px\" \/>\t\t\t\t\t\t\t\t\t\t\t\t\t<\/p>\n<h3>Datum Produkte<\/h3>\n<p>Entdecken Sie unsere gro\u00dfe Auswahl an Dattelprodukten<\/p>\n<h3><a href=\"\/de\/produkt-kategorie\/dadel-producten\/\">Entdecken Sie unser Angebot<\/a><\/h3>\n<h2>Termine von Tomoor<\/h2>\n<h3>ein echtes Superfood!<\/h3>\n<p>\t\tWir haben eine echte Leidenschaft f\u00fcr Datteln und verkaufen in unserem Online-Shop nur die beste Qualit\u00e4t. Unsere Mitarbeiter in Saudi-Arabien sortieren Datteln immer nach Gr\u00f6\u00dfe, Beschaffenheit und Feuchtigkeitsgehalt. Wir garantieren Ihnen, dass Sie nur die besten und frischesten Datteln erhalten - wussten Sie, dass Datteln ein echtes Superfood sind?<br \/>\nDer hohe Mineralstoffgehalt tr\u00e4gt zur St\u00e4rkung der Knochen bei. Datteln sind auch eine nat\u00fcrliche Quelle von Ballaststoffen, Antioxidantien und Vitaminen. Sie beugen gesundheitlichen Problemen vor und sind gut f\u00fcr das Immunsystem.\t\t<\/p>\n<h3>Warum Daten?<\/h3>\n<p>Zum einen, weil Datteln k\u00f6stlich sind und weil die Nachfrage der Gesellschaft nach nachhaltigen und gesunden Lebensmitteln gr\u00f6\u00dfer denn je ist. Au\u00dferdem ist diese Frucht auch ein nat\u00fcrlicher und sehr nahrhafter Snack.<\/p>\n<p>\u00a0<br \/>\n\t\t\t\t\t\t\t\t\t\t\t\t\t<img loading=\"lazy\" decoding=\"async\" width=\"600\" height=\"587\" src=\"https:\/\/new.tomoor.be\/wp-content\/uploads\/2022\/04\/home-dadels-van-tomoor-600.png\" alt=\"dattes sans p\u00e9pins\" srcset=\"https:\/\/new.tomoor.be\/wp-content\/uploads\/2022\/04\/home-dadels-van-tomoor-600.png 600w, https:\/\/new.tomoor.be\/wp-content\/uploads\/2022\/04\/home-dadels-van-tomoor-600-300x294.png 300w\" sizes=\"auto, (max-width: 600px) 100vw, 600px\" \/>\t\t\t\t\t\t\t\t\t\t\t\t\t<\/p>\n<h2>Termine von Tomoor<\/h2>\n<h3>ein echtes Superfood!<\/h3>\n<p>\t\tWussten Sie, dass Datteln ein echtes Superfood sind?<br \/>\nDer hohe Mineralstoffgehalt tr\u00e4gt zur St\u00e4rkung der Knochen bei. Datteln sind auch eine nat\u00fcrliche Quelle von Ballaststoffen, Antioxidantien und Vitaminen. Sie beugen gesundheitlichen Problemen vor und sind gut f\u00fcr das Immunsystem.<\/p>\n<p>Wir haben eine echte Leidenschaft f\u00fcr Datteln und verkaufen in unserem Online-Shop nur die beste Qualit\u00e4t. Unsere Mitarbeiter in Saudi-Arabien sortieren die Datteln stets nach Gr\u00f6\u00dfe, Beschaffenheit und Feuchtigkeitsgehalt. Wir garantieren Ihnen wirklich, dass Sie die besten und frischesten Datteln erhalten. <\/p>\n<h3>Warum Daten?<\/h3>\n<p>Zum einen, weil Datteln k\u00f6stlich sind und weil die Nachfrage der Gesellschaft nach nachhaltigen und gesunden Lebensmitteln gr\u00f6\u00dfer denn je ist. Au\u00dferdem ist diese Frucht auch ein nat\u00fcrlicher und sehr nahrhafter Snack.<\/p>\n<p>\u00a0<br \/>\n\t\t\t\t\t\t\t\t\t\t\t\t\t<img loading=\"lazy\" decoding=\"async\" width=\"600\" height=\"587\" src=\"https:\/\/new.tomoor.be\/wp-content\/uploads\/2022\/04\/home-dadels-van-tomoor-600.png\" alt=\"dattes sans p\u00e9pins\" srcset=\"https:\/\/new.tomoor.be\/wp-content\/uploads\/2022\/04\/home-dadels-van-tomoor-600.png 600w, https:\/\/new.tomoor.be\/wp-content\/uploads\/2022\/04\/home-dadels-van-tomoor-600-300x294.png 300w\" sizes=\"auto, (max-width: 600px) 100vw, 600px\" \/><br \/>\n\t\t\t\t\t\t\t\t\t\t\t\t\t<img loading=\"lazy\" decoding=\"async\" width=\"373\" height=\"385\" src=\"https:\/\/new.tomoor.be\/wp-content\/uploads\/2022\/01\/Group-70.png\" alt=\"\" srcset=\"https:\/\/new.tomoor.be\/wp-content\/uploads\/2022\/01\/Group-70.png 373w, https:\/\/new.tomoor.be\/wp-content\/uploads\/2022\/01\/Group-70-291x300.png 291w\" sizes=\"auto, (max-width: 373px) 100vw, 373px\" \/><br \/>\n\t\t\t\t\t\t\t\t\t\t\t\t\t<img loading=\"lazy\" decoding=\"async\" width=\"1921\" height=\"151\" src=\"https:\/\/new.tomoor.be\/wp-content\/uploads\/2022\/01\/Path-19.png\" alt=\"\" srcset=\"https:\/\/new.tomoor.be\/wp-content\/uploads\/2022\/01\/Path-19.png 1921w, https:\/\/new.tomoor.be\/wp-content\/uploads\/2022\/01\/Path-19-300x24.png 300w, https:\/\/new.tomoor.be\/wp-content\/uploads\/2022\/01\/Path-19-1024x80.png 1024w, https:\/\/new.tomoor.be\/wp-content\/uploads\/2022\/01\/Path-19-768x60.png 768w, https:\/\/new.tomoor.be\/wp-content\/uploads\/2022\/01\/Path-19-1536x121.png 1536w, https:\/\/new.tomoor.be\/wp-content\/uploads\/2022\/01\/Path-19-750x59.png 750w, https:\/\/new.tomoor.be\/wp-content\/uploads\/2022\/01\/Path-19-600x47.png 600w\" sizes=\"auto, (max-width: 1921px) 100vw, 1921px\" \/><br \/>\n\t\t\t\t\t\t\t\t\t\t\t\t\t<img loading=\"lazy\" decoding=\"async\" width=\"373\" height=\"385\" src=\"https:\/\/new.tomoor.be\/wp-content\/uploads\/2022\/01\/Group-70.png\" alt=\"\" srcset=\"https:\/\/new.tomoor.be\/wp-content\/uploads\/2022\/01\/Group-70.png 373w, https:\/\/new.tomoor.be\/wp-content\/uploads\/2022\/01\/Group-70-291x300.png 291w\" sizes=\"auto, (max-width: 373px) 100vw, 373px\" \/><br \/>\n\t\t\t\t\t\t\t\t\t\t\t\t\t<img loading=\"lazy\" decoding=\"async\" width=\"1921\" height=\"151\" src=\"https:\/\/new.tomoor.be\/wp-content\/uploads\/2022\/01\/Path-19.png\" alt=\"\" srcset=\"https:\/\/new.tomoor.be\/wp-content\/uploads\/2022\/01\/Path-19.png 1921w, https:\/\/new.tomoor.be\/wp-content\/uploads\/2022\/01\/Path-19-300x24.png 300w, https:\/\/new.tomoor.be\/wp-content\/uploads\/2022\/01\/Path-19-1024x80.png 1024w, https:\/\/new.tomoor.be\/wp-content\/uploads\/2022\/01\/Path-19-768x60.png 768w, https:\/\/new.tomoor.be\/wp-content\/uploads\/2022\/01\/Path-19-1536x121.png 1536w, https:\/\/new.tomoor.be\/wp-content\/uploads\/2022\/01\/Path-19-750x59.png 750w, https:\/\/new.tomoor.be\/wp-content\/uploads\/2022\/01\/Path-19-600x47.png 600w\" sizes=\"auto, (max-width: 1921px) 100vw, 1921px\" \/><\/p>","protected":false},"excerpt":{"rendered":"<p>GEEN TOEGEVOEGDE SUIKERS \u00a0 RIJK AAN VEZELS \u00a0 VEGAN &nbsp; SUPERFRUIT \u00a0 GEEN TOEGEVOEGDE SUIKERS \u00a0 RIJK AAN VEZELS \u00a0 VEGAN &nbsp; SUPERFRUIT \u00a0 Onze producten Dadels Ontdek ons \u200b\u200baanbod van zorgvuldig geselecteerde kwaliteitsdadels Ontdek ons aanbod Chocolade dadels Ontdek ons aanbod dadels omhuld met Belgische chocolade Ontdek ons aanbod Dadel producten Ontdek onze ruime [&hellip;]<\/p>\n","protected":false},"author":1,"featured_media":0,"parent":0,"menu_order":0,"comment_status":"closed","ping_status":"closed","template":"","meta":{"_acf_changed":false,"_oxygen_hide_in_design_set":false,"_oxygen_tags":"","footnotes":""},"class_list":["post-99","page","type-page","status-publish","hentry"],"acf":[],"_links":{"self":[{"href":"https:\/\/new.tomoor.be\/de\/wp-json\/wp\/v2\/pages\/99","targetHints":{"allow":["GET"]}}],"collection":[{"href":"https:\/\/new.tomoor.be\/de\/wp-json\/wp\/v2\/pages"}],"about":[{"href":"https:\/\/new.tomoor.be\/de\/wp-json\/wp\/v2\/types\/page"}],"author":[{"embeddable":true,"href":"https:\/\/new.tomoor.be\/de\/wp-json\/wp\/v2\/users\/1"}],"replies":[{"embeddable":true,"href":"https:\/\/new.tomoor.be\/de\/wp-json\/wp\/v2\/comments?post=99"}],"version-history":[{"count":10,"href":"https:\/\/new.tomoor.be\/de\/wp-json\/wp\/v2\/pages\/99\/revisions"}],"predecessor-version":[{"id":11019,"href":"https:\/\/new.tomoor.be\/de\/wp-json\/wp\/v2\/pages\/99\/revisions\/11019"}],"wp:attachment":[{"href":"https:\/\/new.tomoor.be\/de\/wp-json\/wp\/v2\/media?parent=99"}],"curies":[{"name":"wp","href":"https:\/\/api.w.org\/{rel}","templated":true}]}}