{"id":99,"date":"2022-01-13T16:12:46","date_gmt":"2022-01-13T16:12:46","guid":{"rendered":"http:\/\/hansd87.sg-host.com\/?page_id=99"},"modified":"2024-11-19T10:54:53","modified_gmt":"2024-11-19T09:54:53","slug":"home","status":"publish","type":"page","link":"https:\/\/new.tomoor.be\/fr\/","title":{"rendered":"Accueil"},"content":{"rendered":"<p><img decoding=\"async\" src=\"https:\/\/new.tomoor.be\/wp-content\/uploads\/elementor\/thumbs\/icon-sugar-bl-200-qcyzw7kfzb39nebr4aqtnwnw3x1pl28ovyg6zjy2gw.png\" title=\"Ic\u00f4ne sans sucre ajout\u00e9 - Tomoor\" alt=\"Ic\u00f4ne sans sucre ajout\u00e9 - Tomoor\" loading=\"lazy\" \/>\t\t\t\t\t\t\t\t\t\t\t\t\t<\/p>\n<p>SANS SUCRES AJOUT\u00c9S<\/p>\n<p>\u00a0<br \/>\n\t\t\t\t\t\t\t\t\t\t\t\t\t<img decoding=\"async\" src=\"https:\/\/new.tomoor.be\/wp-content\/uploads\/elementor\/thumbs\/icon-fibers-bl-200-qcyzwg0zoteujvzgqwegscj1gdw0ic69x4bkb1liww.png\" title=\"Ic\u00f4ne riche en fivers - Tomoor\" alt=\"Ic\u00f4ne riche en fivers - Tomoor\" loading=\"lazy\" \/>\t\t\t\t\t\t\t\t\t\t\t\t\t<\/p>\n<p>RICHE EN FIBRES<\/p>\n<p>\u00a0<br \/>\n\t\t\t\t\t\t\t\t\t\t\t\t\t<img decoding=\"async\" src=\"https:\/\/new.tomoor.be\/wp-content\/uploads\/elementor\/thumbs\/icon-vegan-bl-200-qcyzvnttzsc8vl4fbk7npjn7mtr03f2bt8qzwqrc3k.png\" title=\"Ic\u00f4ne v\u00e9g\u00e9talienne - Tomoor\" alt=\"Ic\u00f4ne v\u00e9g\u00e9talienne - Tomoor\" loading=\"lazy\" \/>\t\t\t\t\t\t\t\t\t\t\t\t\t<\/p>\n<p>VEGAN<\/p>\n<p>&nbsp;<br \/>\n\t\t\t\t\t\t\t\t\t\t\t\t\t<img decoding=\"async\" src=\"https:\/\/new.tomoor.be\/wp-content\/uploads\/elementor\/thumbs\/icon-superfruit-bl-200-qcyzvz3w9sroqwo1hp36jgsqrg7ensb3uskto2am0w.png\" title=\"ic\u00f4ne Superfruit - Tomoor\" alt=\"ic\u00f4ne Superfruit - Tomoor\" loading=\"lazy\" \/>\t\t\t\t\t\t\t\t\t\t\t\t\t<\/p>\n<p>SUPERFRUIT<\/p>\n<p>\u00a0<br \/>\n\t\t\t\t\t\t\t\t\t\t\t\t\t<img decoding=\"async\" src=\"https:\/\/new.tomoor.be\/wp-content\/uploads\/elementor\/thumbs\/icon-sugar-bl-200-qcyzw7kfzb39nebr4aqtnwnw3x1pl28ovyg6zjy2gw.png\" title=\"Ic\u00f4ne sans sucre ajout\u00e9 - Tomoor\" alt=\"Ic\u00f4ne sans sucre ajout\u00e9 - Tomoor\" loading=\"lazy\" \/>\t\t\t\t\t\t\t\t\t\t\t\t\t<\/p>\n<p>SANS SUCRES AJOUT\u00c9S<\/p>\n<p>\u00a0<br \/>\n\t\t\t\t\t\t\t\t\t\t\t\t\t<img decoding=\"async\" src=\"https:\/\/new.tomoor.be\/wp-content\/uploads\/elementor\/thumbs\/icon-fibers-bl-200-qcyzwg0zoteujvzgqwegscj1gdw0ic69x4bkb1liww.png\" title=\"Ic\u00f4ne riche en fivers - Tomoor\" alt=\"Ic\u00f4ne riche en fivers - Tomoor\" loading=\"lazy\" \/>\t\t\t\t\t\t\t\t\t\t\t\t\t<\/p>\n<p>RICHE EN FIBRES<\/p>\n<p>\u00a0<br \/>\n\t\t\t\t\t\t\t\t\t\t\t\t\t<img decoding=\"async\" src=\"https:\/\/new.tomoor.be\/wp-content\/uploads\/elementor\/thumbs\/icon-vegan-bl-200-qcyzvnttzsc8vl4fbk7npjn7mtr03f2bt8qzwqrc3k.png\" title=\"Ic\u00f4ne v\u00e9g\u00e9talienne - Tomoor\" alt=\"Ic\u00f4ne v\u00e9g\u00e9talienne - Tomoor\" loading=\"lazy\" \/>\t\t\t\t\t\t\t\t\t\t\t\t\t<\/p>\n<p>VEGAN<\/p>\n<p>&nbsp;<br \/>\n\t\t\t\t\t\t\t\t\t\t\t\t\t<img decoding=\"async\" src=\"https:\/\/new.tomoor.be\/wp-content\/uploads\/elementor\/thumbs\/icon-superfruit-bl-200-qcyzvz3w9sroqwo1hp36jgsqrg7ensb3uskto2am0w.png\" title=\"ic\u00f4ne Superfruit - Tomoor\" alt=\"ic\u00f4ne Superfruit - Tomoor\" loading=\"lazy\" \/>\t\t\t\t\t\t\t\t\t\t\t\t\t<\/p>\n<p>SUPERFRUIT<\/p>\n<p>\u00a0\t\t<\/p>\n<h2>Nos produits<\/h2>\n<p>\t\t\t\t\t\t\t\t\t\t\t\t\t<img loading=\"lazy\" decoding=\"async\" width=\"423\" height=\"300\" src=\"https:\/\/new.tomoor.be\/wp-content\/uploads\/2022\/02\/dadels.png\" alt=\"\" srcset=\"https:\/\/new.tomoor.be\/wp-content\/uploads\/2022\/02\/dadels.png 423w, https:\/\/new.tomoor.be\/wp-content\/uploads\/2022\/02\/dadels-300x213.png 300w\" sizes=\"auto, (max-width: 423px) 100vw, 423px\" \/>\t\t\t\t\t\t\t\t\t\t\t\t\t<\/p>\n<h3>Dates<\/h3>\n<p>D\u00e9couvrez notre gamme de dates de qualit\u00e9 soigneusement s\u00e9lectionn\u00e9es<\/p>\n<h3><a href=\"\/fr\/categorie-produit\/premium-dadels\/\">D\u00e9couvrez notre offre<\/a><\/h3>\n<p>\t\t\t\t\t\t\t\t\t\t\t\t\t<img loading=\"lazy\" decoding=\"async\" width=\"772\" height=\"772\" src=\"https:\/\/new.tomoor.be\/wp-content\/uploads\/2024\/11\/dadels-met-chocolade.png\" alt=\"Dattes au chocolat - Tomoor.be\" srcset=\"https:\/\/new.tomoor.be\/wp-content\/uploads\/2024\/11\/dadels-met-chocolade.png 772w, https:\/\/new.tomoor.be\/wp-content\/uploads\/2024\/11\/dadels-met-chocolade-300x300.png 300w, https:\/\/new.tomoor.be\/wp-content\/uploads\/2024\/11\/dadels-met-chocolade-150x150.png 150w, https:\/\/new.tomoor.be\/wp-content\/uploads\/2024\/11\/dadels-met-chocolade-768x768.png 768w, https:\/\/new.tomoor.be\/wp-content\/uploads\/2024\/11\/dadels-met-chocolade-530x530.png 530w, https:\/\/new.tomoor.be\/wp-content\/uploads\/2024\/11\/dadels-met-chocolade-750x750.png 750w, https:\/\/new.tomoor.be\/wp-content\/uploads\/2024\/11\/dadels-met-chocolade-500x500.png 500w, https:\/\/new.tomoor.be\/wp-content\/uploads\/2024\/11\/dadels-met-chocolade-600x600.png 600w, https:\/\/new.tomoor.be\/wp-content\/uploads\/2024\/11\/dadels-met-chocolade-100x100.png 100w\" sizes=\"auto, (max-width: 772px) 100vw, 772px\" \/>\t\t\t\t\t\t\t\t\t\t\t\t\t<\/p>\n<h3>Dattes au chocolat<\/h3>\n<p>D\u00e9couvrez notre gamme de dattes enrob\u00e9es de chocolat belge<\/p>\n<h3><a href=\"\/fr\/categorie-produit\/chocolade-dadels\/\">D\u00e9couvrez notre offre<\/a><\/h3>\n<p>\t\t\t\t\t\t\t\t\t\t\t\t\t<img loading=\"lazy\" decoding=\"async\" width=\"659\" height=\"659\" src=\"https:\/\/new.tomoor.be\/wp-content\/uploads\/2024\/11\/dadelstroop.png\" alt=\"Sirop de datte - Tomoor.be\" srcset=\"https:\/\/new.tomoor.be\/wp-content\/uploads\/2024\/11\/dadelstroop.png 659w, https:\/\/new.tomoor.be\/wp-content\/uploads\/2024\/11\/dadelstroop-300x300.png 300w, https:\/\/new.tomoor.be\/wp-content\/uploads\/2024\/11\/dadelstroop-150x150.png 150w, https:\/\/new.tomoor.be\/wp-content\/uploads\/2024\/11\/dadelstroop-530x530.png 530w, https:\/\/new.tomoor.be\/wp-content\/uploads\/2024\/11\/dadelstroop-500x500.png 500w, https:\/\/new.tomoor.be\/wp-content\/uploads\/2024\/11\/dadelstroop-600x600.png 600w, https:\/\/new.tomoor.be\/wp-content\/uploads\/2024\/11\/dadelstroop-100x100.png 100w\" sizes=\"auto, (max-width: 659px) 100vw, 659px\" \/>\t\t\t\t\t\t\t\t\t\t\t\t\t<\/p>\n<h3>Produits de datation<\/h3>\n<p>D\u00e9couvrez notre large s\u00e9lection de produits de dattes<\/p>\n<h3><a href=\"\/fr\/categorie-produit\/dadel-producten\/\">D\u00e9couvrez notre offre<\/a><\/h3>\n<h3>Cat\u00e9gories<\/h3>\n<h2>Nos produits de qualit\u00e9<\/h2>\n<p>\t\t\t\t\t\t\t\t\t\t\t\t\t<img loading=\"lazy\" decoding=\"async\" width=\"423\" height=\"300\" src=\"https:\/\/new.tomoor.be\/wp-content\/uploads\/2022\/02\/dadels.png\" alt=\"\" srcset=\"https:\/\/new.tomoor.be\/wp-content\/uploads\/2022\/02\/dadels.png 423w, https:\/\/new.tomoor.be\/wp-content\/uploads\/2022\/02\/dadels-300x213.png 300w\" sizes=\"auto, (max-width: 423px) 100vw, 423px\" \/>\t\t\t\t\t\t\t\t\t\t\t\t\t<\/p>\n<h3>Dates<\/h3>\n<p>D\u00e9couvrez notre gamme de dates de qualit\u00e9 soigneusement s\u00e9lectionn\u00e9es<\/p>\n<h3><a href=\"\/fr\/categorie-produit\/premium-dadels\/\">D\u00e9couvrez notre offre<\/a><\/h3>\n<p>\t\t\t\t\t\t\t\t\t\t\t\t\t<img loading=\"lazy\" decoding=\"async\" width=\"772\" height=\"772\" src=\"https:\/\/new.tomoor.be\/wp-content\/uploads\/2024\/11\/dadels-met-chocolade.png\" alt=\"Dattes au chocolat - Tomoor.be\" srcset=\"https:\/\/new.tomoor.be\/wp-content\/uploads\/2024\/11\/dadels-met-chocolade.png 772w, https:\/\/new.tomoor.be\/wp-content\/uploads\/2024\/11\/dadels-met-chocolade-300x300.png 300w, https:\/\/new.tomoor.be\/wp-content\/uploads\/2024\/11\/dadels-met-chocolade-150x150.png 150w, https:\/\/new.tomoor.be\/wp-content\/uploads\/2024\/11\/dadels-met-chocolade-768x768.png 768w, https:\/\/new.tomoor.be\/wp-content\/uploads\/2024\/11\/dadels-met-chocolade-530x530.png 530w, https:\/\/new.tomoor.be\/wp-content\/uploads\/2024\/11\/dadels-met-chocolade-750x750.png 750w, https:\/\/new.tomoor.be\/wp-content\/uploads\/2024\/11\/dadels-met-chocolade-500x500.png 500w, https:\/\/new.tomoor.be\/wp-content\/uploads\/2024\/11\/dadels-met-chocolade-600x600.png 600w, https:\/\/new.tomoor.be\/wp-content\/uploads\/2024\/11\/dadels-met-chocolade-100x100.png 100w\" sizes=\"auto, (max-width: 772px) 100vw, 772px\" \/>\t\t\t\t\t\t\t\t\t\t\t\t\t<\/p>\n<h3>Dattes au chocolat<\/h3>\n<p>D\u00e9couvrez notre gamme de dattes enrob\u00e9es de chocolat belge<\/p>\n<h3><a href=\"\/fr\/categorie-produit\/chocolade-dadels\/\">D\u00e9couvrez notre offre<\/a><\/h3>\n<p>\t\t\t\t\t\t\t\t\t\t\t\t\t<img loading=\"lazy\" decoding=\"async\" width=\"659\" height=\"659\" src=\"https:\/\/new.tomoor.be\/wp-content\/uploads\/2024\/11\/dadelstroop.png\" alt=\"Sirop de datte - Tomoor.be\" srcset=\"https:\/\/new.tomoor.be\/wp-content\/uploads\/2024\/11\/dadelstroop.png 659w, https:\/\/new.tomoor.be\/wp-content\/uploads\/2024\/11\/dadelstroop-300x300.png 300w, https:\/\/new.tomoor.be\/wp-content\/uploads\/2024\/11\/dadelstroop-150x150.png 150w, https:\/\/new.tomoor.be\/wp-content\/uploads\/2024\/11\/dadelstroop-530x530.png 530w, https:\/\/new.tomoor.be\/wp-content\/uploads\/2024\/11\/dadelstroop-500x500.png 500w, https:\/\/new.tomoor.be\/wp-content\/uploads\/2024\/11\/dadelstroop-600x600.png 600w, https:\/\/new.tomoor.be\/wp-content\/uploads\/2024\/11\/dadelstroop-100x100.png 100w\" sizes=\"auto, (max-width: 659px) 100vw, 659px\" \/>\t\t\t\t\t\t\t\t\t\t\t\t\t<\/p>\n<h3>Produits de datation<\/h3>\n<p>D\u00e9couvrez notre large s\u00e9lection de produits de dattes<\/p>\n<h3><a href=\"\/fr\/categorie-produit\/dadel-producten\/\">D\u00e9couvrez notre offre<\/a><\/h3>\n<h2>Dates de Tomoor<\/h2>\n<h3>un v\u00e9ritable superaliment !<\/h3>\n<p>\t\tNous sommes vraiment passionn\u00e9s par les dattes et nous ne vendons que la meilleure qualit\u00e9 dans notre boutique en ligne. Notre personnel en Arabie Saoudite trie toujours les dattes en fonction de leur taille, de leur texture et de leur teneur en eau. Nous vous garantissons que vous recevrez les dattes les plus fines et les plus fra\u00eeches.Saviez-vous que les dattes sont un v\u00e9ritable superaliment ?<br \/>\nLa teneur \u00e9lev\u00e9e en min\u00e9raux contribue \u00e0 renforcer les os. Les dattes sont \u00e9galement une source naturelle de fibres, d'antioxydants et de vitamines. Elles pr\u00e9viennent les probl\u00e8mes de sant\u00e9 et sont b\u00e9n\u00e9fiques pour l'immunit\u00e9.\t\t<\/p>\n<h3>Pourquoi des dates ?<\/h3>\n<p>D'une part, parce que les dattes sont d\u00e9licieuses et d'autre part, parce que la soci\u00e9t\u00e9 demande plus que jamais des aliments durables et sains. De plus, ce fruit est aussi un en-cas naturel et tr\u00e8s nutritif.<\/p>\n<p>\u00a0<br \/>\n\t\t\t\t\t\t\t\t\t\t\t\t\t<img loading=\"lazy\" decoding=\"async\" width=\"600\" height=\"587\" src=\"https:\/\/new.tomoor.be\/wp-content\/uploads\/2022\/04\/home-dadels-van-tomoor-600.png\" alt=\"dattes sans p\u00e9pins\" srcset=\"https:\/\/new.tomoor.be\/wp-content\/uploads\/2022\/04\/home-dadels-van-tomoor-600.png 600w, https:\/\/new.tomoor.be\/wp-content\/uploads\/2022\/04\/home-dadels-van-tomoor-600-300x294.png 300w\" sizes=\"auto, (max-width: 600px) 100vw, 600px\" \/>\t\t\t\t\t\t\t\t\t\t\t\t\t<\/p>\n<h2>Dates de Tomoor<\/h2>\n<h3>un v\u00e9ritable superaliment !<\/h3>\n<p>\t\tSaviez-vous que les dattes sont un v\u00e9ritable superaliment ?<br \/>\nLa teneur \u00e9lev\u00e9e en min\u00e9raux contribue \u00e0 renforcer les os. Les dattes sont \u00e9galement une source naturelle de fibres, d'antioxydants et de vitamines. Elles pr\u00e9viennent les probl\u00e8mes de sant\u00e9 et sont b\u00e9n\u00e9fiques pour l'immunit\u00e9.<\/p>\n<p>Nous sommes vraiment passionn\u00e9s par les dattes et nous ne vendons que la meilleure qualit\u00e9 dans notre boutique en ligne. Notre personnel en Arabie Saoudite trie toujours les dattes en fonction de leur taille, de leur texture et de leur teneur en eau. Nous garantissons vraiment que vous recevrez les dattes les plus fines et les plus fra\u00eeches. <\/p>\n<h3>Pourquoi des dates ?<\/h3>\n<p>D'une part, parce que les dattes sont d\u00e9licieuses et d'autre part, parce que la soci\u00e9t\u00e9 demande plus que jamais des aliments durables et sains. De plus, ce fruit est aussi un en-cas naturel et tr\u00e8s nutritif.<\/p>\n<p>\u00a0<br \/>\n\t\t\t\t\t\t\t\t\t\t\t\t\t<img loading=\"lazy\" decoding=\"async\" width=\"600\" height=\"587\" src=\"https:\/\/new.tomoor.be\/wp-content\/uploads\/2022\/04\/home-dadels-van-tomoor-600.png\" alt=\"dattes sans p\u00e9pins\" srcset=\"https:\/\/new.tomoor.be\/wp-content\/uploads\/2022\/04\/home-dadels-van-tomoor-600.png 600w, https:\/\/new.tomoor.be\/wp-content\/uploads\/2022\/04\/home-dadels-van-tomoor-600-300x294.png 300w\" sizes=\"auto, (max-width: 600px) 100vw, 600px\" \/><br \/>\n\t\t\t\t\t\t\t\t\t\t\t\t\t<img loading=\"lazy\" decoding=\"async\" width=\"373\" height=\"385\" src=\"https:\/\/new.tomoor.be\/wp-content\/uploads\/2022\/01\/Group-70.png\" alt=\"\" srcset=\"https:\/\/new.tomoor.be\/wp-content\/uploads\/2022\/01\/Group-70.png 373w, https:\/\/new.tomoor.be\/wp-content\/uploads\/2022\/01\/Group-70-291x300.png 291w\" sizes=\"auto, (max-width: 373px) 100vw, 373px\" \/><br \/>\n\t\t\t\t\t\t\t\t\t\t\t\t\t<img loading=\"lazy\" decoding=\"async\" width=\"1921\" height=\"151\" src=\"https:\/\/new.tomoor.be\/wp-content\/uploads\/2022\/01\/Path-19.png\" alt=\"\" srcset=\"https:\/\/new.tomoor.be\/wp-content\/uploads\/2022\/01\/Path-19.png 1921w, https:\/\/new.tomoor.be\/wp-content\/uploads\/2022\/01\/Path-19-300x24.png 300w, https:\/\/new.tomoor.be\/wp-content\/uploads\/2022\/01\/Path-19-1024x80.png 1024w, https:\/\/new.tomoor.be\/wp-content\/uploads\/2022\/01\/Path-19-768x60.png 768w, https:\/\/new.tomoor.be\/wp-content\/uploads\/2022\/01\/Path-19-1536x121.png 1536w, https:\/\/new.tomoor.be\/wp-content\/uploads\/2022\/01\/Path-19-750x59.png 750w, https:\/\/new.tomoor.be\/wp-content\/uploads\/2022\/01\/Path-19-600x47.png 600w\" sizes=\"auto, (max-width: 1921px) 100vw, 1921px\" \/><br \/>\n\t\t\t\t\t\t\t\t\t\t\t\t\t<img loading=\"lazy\" decoding=\"async\" width=\"373\" height=\"385\" src=\"https:\/\/new.tomoor.be\/wp-content\/uploads\/2022\/01\/Group-70.png\" alt=\"\" srcset=\"https:\/\/new.tomoor.be\/wp-content\/uploads\/2022\/01\/Group-70.png 373w, https:\/\/new.tomoor.be\/wp-content\/uploads\/2022\/01\/Group-70-291x300.png 291w\" sizes=\"auto, (max-width: 373px) 100vw, 373px\" \/><br \/>\n\t\t\t\t\t\t\t\t\t\t\t\t\t<img loading=\"lazy\" decoding=\"async\" width=\"1921\" height=\"151\" src=\"https:\/\/new.tomoor.be\/wp-content\/uploads\/2022\/01\/Path-19.png\" alt=\"\" srcset=\"https:\/\/new.tomoor.be\/wp-content\/uploads\/2022\/01\/Path-19.png 1921w, https:\/\/new.tomoor.be\/wp-content\/uploads\/2022\/01\/Path-19-300x24.png 300w, https:\/\/new.tomoor.be\/wp-content\/uploads\/2022\/01\/Path-19-1024x80.png 1024w, https:\/\/new.tomoor.be\/wp-content\/uploads\/2022\/01\/Path-19-768x60.png 768w, https:\/\/new.tomoor.be\/wp-content\/uploads\/2022\/01\/Path-19-1536x121.png 1536w, https:\/\/new.tomoor.be\/wp-content\/uploads\/2022\/01\/Path-19-750x59.png 750w, https:\/\/new.tomoor.be\/wp-content\/uploads\/2022\/01\/Path-19-600x47.png 600w\" sizes=\"auto, (max-width: 1921px) 100vw, 1921px\" \/><\/p>","protected":false},"excerpt":{"rendered":"<p>GEEN TOEGEVOEGDE SUIKERS \u00a0 RIJK AAN VEZELS \u00a0 VEGAN &nbsp; SUPERFRUIT \u00a0 GEEN TOEGEVOEGDE SUIKERS \u00a0 RIJK AAN VEZELS \u00a0 VEGAN &nbsp; SUPERFRUIT \u00a0 Onze producten Dadels Ontdek ons \u200b\u200baanbod van zorgvuldig geselecteerde kwaliteitsdadels Ontdek ons aanbod Chocolade dadels Ontdek ons aanbod dadels omhuld met Belgische chocolade Ontdek ons aanbod Dadel producten Ontdek onze ruime [&hellip;]<\/p>\n","protected":false},"author":1,"featured_media":0,"parent":0,"menu_order":0,"comment_status":"closed","ping_status":"closed","template":"","meta":{"_acf_changed":false,"_oxygen_hide_in_design_set":false,"_oxygen_tags":"","footnotes":""},"class_list":["post-99","page","type-page","status-publish","hentry"],"acf":[],"_links":{"self":[{"href":"https:\/\/new.tomoor.be\/fr\/wp-json\/wp\/v2\/pages\/99","targetHints":{"allow":["GET"]}}],"collection":[{"href":"https:\/\/new.tomoor.be\/fr\/wp-json\/wp\/v2\/pages"}],"about":[{"href":"https:\/\/new.tomoor.be\/fr\/wp-json\/wp\/v2\/types\/page"}],"author":[{"embeddable":true,"href":"https:\/\/new.tomoor.be\/fr\/wp-json\/wp\/v2\/users\/1"}],"replies":[{"embeddable":true,"href":"https:\/\/new.tomoor.be\/fr\/wp-json\/wp\/v2\/comments?post=99"}],"version-history":[{"count":10,"href":"https:\/\/new.tomoor.be\/fr\/wp-json\/wp\/v2\/pages\/99\/revisions"}],"predecessor-version":[{"id":11019,"href":"https:\/\/new.tomoor.be\/fr\/wp-json\/wp\/v2\/pages\/99\/revisions\/11019"}],"wp:attachment":[{"href":"https:\/\/new.tomoor.be\/fr\/wp-json\/wp\/v2\/media?parent=99"}],"curies":[{"name":"wp","href":"https:\/\/api.w.org\/{rel}","templated":true}]}}